{"id":113,"date":"2021-10-08T17:06:00","date_gmt":"2021-10-08T17:06:00","guid":{"rendered":"https:\/\/bellinicolas.no\/?page_id=113"},"modified":"2022-04-11T09:09:05","modified_gmt":"2022-04-11T07:09:05","slug":"ilustraciones","status":"publish","type":"page","link":"https:\/\/bellinicolas.no\/?page_id=113","title":{"rendered":"Ilustraciones"},"content":{"rendered":"\n<p class=\"has-normal-font-size\"><strong>Dise\u00f1adores y colaboradores de EL ARCONTE.<\/strong><\/p>\n\n\n\n<figure class=\"wp-block-gallery has-nested-images columns-default is-cropped wp-block-gallery-1 is-layout-flex wp-block-gallery-is-layout-flex\">\n<figure class=\"wp-block-image size-large\"><a href=\"https:\/\/bellinicolas.no\/wp-content\/uploads\/2021\/10\/3-TAPA-belli-nicolas-scaled.jpg\"><img loading=\"lazy\" decoding=\"async\" width=\"1810\" height=\"2560\" data-id=\"7\" src=\"https:\/\/bellinicolas.no\/wp-content\/uploads\/2021\/10\/3-TAPA-belli-nicolas-scaled.jpg\" alt=\"Emiliano Bottino\" class=\"wp-image-7\" srcset=\"https:\/\/bellinicolas.no\/wp-content\/uploads\/2021\/10\/3-TAPA-belli-nicolas-scaled.jpg 1810w, https:\/\/bellinicolas.no\/wp-content\/uploads\/2021\/10\/3-TAPA-belli-nicolas-212x300.jpg 212w, https:\/\/bellinicolas.no\/wp-content\/uploads\/2021\/10\/3-TAPA-belli-nicolas-724x1024.jpg 724w, https:\/\/bellinicolas.no\/wp-content\/uploads\/2021\/10\/3-TAPA-belli-nicolas-768x1086.jpg 768w, https:\/\/bellinicolas.no\/wp-content\/uploads\/2021\/10\/3-TAPA-belli-nicolas-1086x1536.jpg 1086w, https:\/\/bellinicolas.no\/wp-content\/uploads\/2021\/10\/3-TAPA-belli-nicolas-1448x2048.jpg 1448w\" sizes=\"auto, (max-width: 1810px) 100vw, 1810px\" \/><\/a><figcaption>Emiliano Bottino<\/figcaption><\/figure>\n\n\n\n<figure class=\"wp-block-image size-large\"><a href=\"https:\/\/bellinicolas.no\/wp-content\/uploads\/2021\/10\/arconte_final-1.png\"><img loading=\"lazy\" decoding=\"async\" width=\"800\" height=\"600\" data-id=\"114\" src=\"https:\/\/bellinicolas.no\/wp-content\/uploads\/2021\/10\/arconte_final-1.png\" alt=\"\" class=\"wp-image-114\" srcset=\"https:\/\/bellinicolas.no\/wp-content\/uploads\/2021\/10\/arconte_final-1.png 800w, https:\/\/bellinicolas.no\/wp-content\/uploads\/2021\/10\/arconte_final-1-300x225.png 300w, https:\/\/bellinicolas.no\/wp-content\/uploads\/2021\/10\/arconte_final-1-768x576.png 768w, https:\/\/bellinicolas.no\/wp-content\/uploads\/2021\/10\/arconte_final-1-400x300.png 400w\" sizes=\"auto, (max-width: 800px) 100vw, 800px\" \/><\/a><\/figure>\n\n\n\n<figure class=\"wp-block-image size-large\"><a href=\"https:\/\/bellinicolas.no\/wp-content\/uploads\/2021\/10\/Closed_Left_Pair.png\"><img loading=\"lazy\" decoding=\"async\" width=\"2000\" height=\"1500\" data-id=\"115\" src=\"https:\/\/bellinicolas.no\/wp-content\/uploads\/2021\/10\/Closed_Left_Pair.png\" alt=\"\" class=\"wp-image-115\" srcset=\"https:\/\/bellinicolas.no\/wp-content\/uploads\/2021\/10\/Closed_Left_Pair.png 2000w, https:\/\/bellinicolas.no\/wp-content\/uploads\/2021\/10\/Closed_Left_Pair-300x225.png 300w, https:\/\/bellinicolas.no\/wp-content\/uploads\/2021\/10\/Closed_Left_Pair-1024x768.png 1024w, https:\/\/bellinicolas.no\/wp-content\/uploads\/2021\/10\/Closed_Left_Pair-768x576.png 768w, https:\/\/bellinicolas.no\/wp-content\/uploads\/2021\/10\/Closed_Left_Pair-1536x1152.png 1536w, https:\/\/bellinicolas.no\/wp-content\/uploads\/2021\/10\/Closed_Left_Pair-400x300.png 400w\" sizes=\"auto, (max-width: 2000px) 100vw, 2000px\" \/><\/a><figcaption>Octavio<\/figcaption><\/figure>\n\n\n\n<figure class=\"wp-block-image size-large\"><a href=\"https:\/\/bellinicolas.no\/wp-content\/uploads\/2021\/10\/separador-DISENO-FINAL.jpg\"><img loading=\"lazy\" decoding=\"async\" width=\"591\" height=\"2126\" data-id=\"116\" src=\"https:\/\/bellinicolas.no\/wp-content\/uploads\/2021\/10\/separador-DISENO-FINAL.jpg\" alt=\"Emiliano Bottino\" class=\"wp-image-116\" srcset=\"https:\/\/bellinicolas.no\/wp-content\/uploads\/2021\/10\/separador-DISENO-FINAL.jpg 591w, https:\/\/bellinicolas.no\/wp-content\/uploads\/2021\/10\/separador-DISENO-FINAL-83x300.jpg 83w, https:\/\/bellinicolas.no\/wp-content\/uploads\/2021\/10\/separador-DISENO-FINAL-285x1024.jpg 285w, https:\/\/bellinicolas.no\/wp-content\/uploads\/2021\/10\/separador-DISENO-FINAL-427x1536.jpg 427w, https:\/\/bellinicolas.no\/wp-content\/uploads\/2021\/10\/separador-DISENO-FINAL-569x2048.jpg 569w\" sizes=\"auto, (max-width: 591px) 100vw, 591px\" \/><\/a><figcaption>Emiliano Bottino<\/figcaption><\/figure>\n\n\n\n<figure class=\"wp-block-image size-large\"><a href=\"https:\/\/bellinicolas.no\/wp-content\/uploads\/2021\/10\/received_2556280984652157.jpeg\"><img loading=\"lazy\" decoding=\"async\" width=\"1225\" height=\"825\" data-id=\"117\" src=\"https:\/\/bellinicolas.no\/wp-content\/uploads\/2021\/10\/received_2556280984652157.jpeg\" alt=\"\" class=\"wp-image-117\" srcset=\"https:\/\/bellinicolas.no\/wp-content\/uploads\/2021\/10\/received_2556280984652157.jpeg 1225w, https:\/\/bellinicolas.no\/wp-content\/uploads\/2021\/10\/received_2556280984652157-300x202.jpeg 300w, https:\/\/bellinicolas.no\/wp-content\/uploads\/2021\/10\/received_2556280984652157-1024x690.jpeg 1024w, https:\/\/bellinicolas.no\/wp-content\/uploads\/2021\/10\/received_2556280984652157-768x517.jpeg 768w, https:\/\/bellinicolas.no\/wp-content\/uploads\/2021\/10\/received_2556280984652157-421x284.jpeg 421w\" sizes=\"auto, (max-width: 1225px) 100vw, 1225px\" \/><\/a><figcaption>Emiliano Bottino<\/figcaption><\/figure>\n\n\n\n<figure class=\"wp-block-image size-large\"><a href=\"https:\/\/bellinicolas.no\/wp-content\/uploads\/2021\/10\/prueba-2.png\"><img loading=\"lazy\" decoding=\"async\" width=\"210\" height=\"297\" data-id=\"118\" src=\"https:\/\/bellinicolas.no\/wp-content\/uploads\/2021\/10\/prueba-2.png\" alt=\"Emiliano Bottino\" class=\"wp-image-118\"\/><\/a><figcaption>Emiliano Bottino<\/figcaption><\/figure>\n\n\n\n<figure class=\"wp-block-image size-large\"><a href=\"https:\/\/bellinicolas.no\/wp-content\/uploads\/2021\/10\/IMG_20191124_193634-scaled.jpg\"><img loading=\"lazy\" decoding=\"async\" width=\"2560\" height=\"1997\" data-id=\"119\" src=\"https:\/\/bellinicolas.no\/wp-content\/uploads\/2021\/10\/IMG_20191124_193634-scaled.jpg\" alt=\"\" class=\"wp-image-119\" srcset=\"https:\/\/bellinicolas.no\/wp-content\/uploads\/2021\/10\/IMG_20191124_193634-scaled.jpg 2560w, https:\/\/bellinicolas.no\/wp-content\/uploads\/2021\/10\/IMG_20191124_193634-300x234.jpg 300w, https:\/\/bellinicolas.no\/wp-content\/uploads\/2021\/10\/IMG_20191124_193634-1024x799.jpg 1024w, https:\/\/bellinicolas.no\/wp-content\/uploads\/2021\/10\/IMG_20191124_193634-768x599.jpg 768w, https:\/\/bellinicolas.no\/wp-content\/uploads\/2021\/10\/IMG_20191124_193634-1536x1198.jpg 1536w, https:\/\/bellinicolas.no\/wp-content\/uploads\/2021\/10\/IMG_20191124_193634-2048x1598.jpg 2048w, https:\/\/bellinicolas.no\/wp-content\/uploads\/2021\/10\/IMG_20191124_193634-385x300.jpg 385w\" sizes=\"auto, (max-width: 2560px) 100vw, 2560px\" \/><\/a><\/figure>\n<\/figure>\n\n\n\n<hr class=\"wp-block-separator\"\/>\n\n\n\n<center><a rel=\"license\" href=\"http:\/\/creativecommons.org\/licenses\/by-nc-nd\/4.0\/\"><img decoding=\"async\" alt=\"Licencia Creative Commons\" style=\"border-width:0\" src=\"https:\/\/i.creativecommons.org\/l\/by-nc-nd\/4.0\/88x31.png\"><\/a><br>Esta obra est\u00e1 bajo una<br> <a rel=\"license\" href=\"http:\/\/creativecommons.org\/licenses\/by-nc-nd\/4.0\/\">Licencia Creative Commons Atribuci\u00f3n-NoComercial-SinDerivadas 4.0 Internacional<\/a>.<\/center>\n","protected":false},"excerpt":{"rendered":"<p>Dise\u00f1adores y colaboradores de EL ARCONTE. Esta obra est\u00e1 bajo una Licencia Creative Commons Atribuci\u00f3n-NoComercial-SinDerivadas 4.0 Internacional.<\/p>\n","protected":false},"author":1,"featured_media":0,"parent":0,"menu_order":0,"comment_status":"closed","ping_status":"closed","template":"","meta":{"footnotes":""},"class_list":["post-113","page","type-page","status-publish","hentry"],"_links":{"self":[{"href":"https:\/\/bellinicolas.no\/index.php?rest_route=\/wp\/v2\/pages\/113","targetHints":{"allow":["GET"]}}],"collection":[{"href":"https:\/\/bellinicolas.no\/index.php?rest_route=\/wp\/v2\/pages"}],"about":[{"href":"https:\/\/bellinicolas.no\/index.php?rest_route=\/wp\/v2\/types\/page"}],"author":[{"embeddable":true,"href":"https:\/\/bellinicolas.no\/index.php?rest_route=\/wp\/v2\/users\/1"}],"replies":[{"embeddable":true,"href":"https:\/\/bellinicolas.no\/index.php?rest_route=%2Fwp%2Fv2%2Fcomments&post=113"}],"version-history":[{"count":6,"href":"https:\/\/bellinicolas.no\/index.php?rest_route=\/wp\/v2\/pages\/113\/revisions"}],"predecessor-version":[{"id":179,"href":"https:\/\/bellinicolas.no\/index.php?rest_route=\/wp\/v2\/pages\/113\/revisions\/179"}],"wp:attachment":[{"href":"https:\/\/bellinicolas.no\/index.php?rest_route=%2Fwp%2Fv2%2Fmedia&parent=113"}],"curies":[{"name":"wp","href":"https:\/\/api.w.org\/{rel}","templated":true}]}}